{"id":2335,"date":"2018-11-13T15:34:26","date_gmt":"2018-11-13T15:34:26","guid":{"rendered":"https:\/\/demo.gloriathemes.com\/eventchamp\/demo\/?page_id=3"},"modified":"2020-08-12T16:17:24","modified_gmt":"2020-08-12T16:17:24","slug":"privacy-policy-2","status":"publish","type":"page","link":"https:\/\/leaditlady.pl\/index.php\/privacy-policy-2\/","title":{"rendered":"Polityka prywatno\u015bci"},"content":{"rendered":"<p>[vc_row][vc_column width=&#8221;1\/6&#8243;][\/vc_column][vc_column width=&#8221;2\/3&#8243;][vc_column_text]<\/p>\n<h2><span class=\"s1\">POLITYKA PRYWATNO\u015aCI PROJEKTU LEAD IT, LADY!<\/span><\/h2>\n<p class=\"p3\"><span class=\"s1\">Niniejsza Polityka Prywatno\u015bci stanowi dokument powi\u0105zany z Regulaminem Projektu Lead IT, Lady! (\u201eRegulamin\u201d). Definicje poj\u0119\u0107 u\u017cytych w niniejszej Polityce Prywatno\u015bci zosta\u0142y zamieszczone w\u00a0Regulaminie. Postanowienia Regulaminu stosuje si\u0119 odpowiednio.<\/span><\/p>\n<p class=\"p3\"><span class=\"s1\">Polityka ta ma charakter informacyjny i jest spe\u0142nieniem obowi\u0105zk\u00f3w informacyjnych na\u0142o\u017conych na administratora danych przez RODO tj. Rozporz\u0105dzenie 2016\/679 z dnia 27 kwietnia 2016 r. w sprawie ochrony os\u00f3b fizycznych w zwi\u0105zku z przetwarzaniem danych osobowych i w sprawie swobodnego przep\u0142ywu takich danych oraz uchylenia dyrektywy 95\/46\/WE (og\u00f3lne rozporz\u0105dzenie o ochronie danych).<\/span><\/p>\n<h3><span class=\"s1\">1. ADMINISTRATOR DANYCH OSOBOWYCH<\/span><\/h3>\n<ol class=\"ol1\">\n<li style=\"list-style-type: none;\">\n<ol class=\"ol1\">\n<li class=\"li3\"><span class=\"s1\">Administratorem danych osobowych Uczestnik\u00f3w jest Stowarzyszenie Women in Technology z siedzib\u0105 w Krakowie, adres: Plac Jana Matejki 10\/6b, 30-157 Krak\u00f3w, wpisane do rejestru Stowarzysze\u0144 prowadzonego przez S\u0105d Rejonowy dla Krakowa-\u015ar\u00f3dmie\u015bcie w Krakowie, XI Wydzia\u0142 Gospodarczy Krajowego Rejestru S\u0105dowego pod numerem KRS: 0000793639, posiadaj\u0105ca NIP: 6762568191, REGON: 383838077.<\/span><\/li>\n<li class=\"li3\"><span class=\"s1\">Kontakt z Administratorem danych osobowych mo\u017ce si\u0119 odbywa\u0107 w szczeg\u00f3lno\u015bci mailowo przez adres email: <a href=\"mailto:rodo@womenintechnology.pl\"><span class=\"s3\">rodo@womenintechnology.pl<\/span><\/a><\/span><\/li>\n<\/ol>\n<\/li>\n<\/ol>\n<h3><span class=\"s1\">2. SPOS\u00d3B PRZETWARZANIA DANYCH<\/span><\/h3>\n<ol>\n<li style=\"list-style-type: none;\">\n<ol class=\"ol1\">\n<li class=\"li3\"><span class=\"s1\">Cel i zakres przetwarzanych danych osobowych okre\u015bla zakres zg\u00f3d oraz uzupe\u0142nionych danych przes\u0142anych za pomoc\u0105 odpowiedniego formularza. <\/span><\/li>\n<li class=\"li3\"><span class=\"s1\">Przetwarzanie danych osobowych Uczestnik\u00f3w mo\u017ce dotyczy\u0107 imienia, nazwiska, adresu poczty elektronicznej, wizerunku, adresu zewn\u0119trznej strony internetowej\/serwera z odno\u015bnikiem do <b>aplikacji\/pracy tw\u00f3rczej.<\/b><\/span><\/li>\n<li class=\"li3\"><span class=\"s1\">Dane osobowe Uczestnik\u00f3w b\u0119d\u0105 przetwarzane na podstawie ni\u017cej wskazanych przepis\u00f3w oraz w\u00a0nast\u0119puj\u0105cych celach:<\/span>\n<ol class=\"ol1\">\n<li class=\"li3\"><span class=\"s1\">realizacji obowi\u0105zk\u00f3w wynikaj\u0105cych z przepis\u00f3w prawa, tj. na podstawie art. 6 ust. 1 lit. c RODO<span class=\"Apple-converted-space\">\u00a0 <\/span>(podstaw\u0105 prawn\u0105 przetwarzania jest wype\u0142nianie obowi\u0105zku prawnego ci\u0105\u017c\u0105cego na administratorze);<\/span><\/li>\n<li class=\"li3\"><span class=\"s1\">realizacji Projektu Lead IT, Lady! oraz Um\u00f3w uczestnictwa, um\u00f3w mentorskich, partnerskich i innych tj. na podstawie art. 6 ust. 1 lit. b RODO (podstaw\u0105 prawn\u0105 przetwarzania jest wykonanie umowy, kt\u00f3rej stron\u0105 jest osoba, kt\u00f3rej dane dotycz\u0105 lub podj\u0119cie dzia\u0142a\u0144 na \u017c\u0105danie osoby, kt\u00f3rej dane dotycz\u0105 przez zawarciem umowy);<\/span><\/li>\n<li class=\"li3\"><span class=\"s1\">podejmowania dzia\u0142a\u0144 promocyjnych i handlowych prowadzonych przez Organizatora, tj. na podstawie art. 6 ust. 1 lit. a RODO (podstaw\u0105 prawn\u0105 przetwarzania jest w\u00f3wczas dobrowolna zgoda Uczestnika) lub na podstawie art. 6 ust. 1 lit. f RODO (podstaw\u0105 prawn\u0105 przetwarzania jest w\u00f3wczas uzasadniony interes Organizatora polegaj\u0105cy na informowaniu o\u00a0\u015bwiadczonych us\u0142ugach);<\/span><\/li>\n<li class=\"li3\"><span class=\"s1\">kontakt z Administratorem za po\u015brednictwem poczty elektronicznej e-mail \u2013<span class=\"Apple-converted-space\">\u00a0 <\/span>dane s\u0105 przetwarzane w celu kontaktu \u2013 podstawa prawna przetwarzania to art. 6 ust. 1 lit. a, RODO (zgoda wynikaj\u0105ca z zainicjowania kontaktu). Dane b\u0119d\u0105 przetwarzane po zako\u0144czeniu kontaktu w usprawiedliwionym celu archiwizacji korespondencji na potrzeby wykazania jej przebiegu w przysz\u0142o\u015bci (art. 6 ust. 1 lit. f , RODO);<\/span><\/li>\n<li class=\"li3\"><span class=\"s1\"> analizowanie danych zbieranych automatycznie przy korzystaniu ze strony internetowej \u2013 dane s\u0105 przetwarzane na podstawie art. 6 ust. 1 lit. f,<span class=\"Apple-converted-space\">\u00a0 <\/span>RODO (prawnie uzasadniony interesu administratora). <\/span><\/li>\n<li class=\"li3\"><span class=\"s1\">wykorzystywanie cookies na stronie <a href=\"https:\/\/leaditlady.pl\/\"><span class=\"s4\">https:\/\/leaditlady.pl\/<\/span><\/a> \u2013<span class=\"Apple-converted-space\">\u00a0 <\/span>podstaw\u0105 jest tre\u015b\u0107 art. 6 ust. 1 lit. a,<span class=\"Apple-converted-space\">\u00a0 <\/span>RODO (zgoda u\u017cytkownika).<\/span><\/li>\n<li class=\"li3\"><span class=\"s1\">zarz\u0105dzanie stron\u0105 internetow\u0105 i innymi stronami\/grupami na zewn\u0119trznych platformach np. Facebook \u2013 uprawnienie administratora realizowane na podstawie art. 6 ust. 1 lit. f, RODO (prawnie uzasadniony interes administratora).<\/span><\/li>\n<li class=\"li3\"><span class=\"s1\"> archiwalnym i dowodowym, na potrzeby zabezpieczenia informacji, kt\u00f3re mog\u0105 s\u0142u\u017cy\u0107 wykazywaniu fakt\u00f3w \u2013<span class=\"Apple-converted-space\">\u00a0 <\/span>prawnie uzasadniony interes administratora, zgodnie &#8211; art. 6 ust. 1 lit. f,<span class=\"Apple-converted-space\">\u00a0 <\/span>RODO.<\/span><\/li>\n<\/ol>\n<\/li>\n<li class=\"li3\"><span class=\"s1\">Podanie danych osobowych jest dobrowolne, jednak\u017ce niepodanie danych wskazanych jako obligatoryjne, uniemo\u017cliwi realizacji Projektu Lead IT, Lady! lub um\u00f3w przez Organizatora.<\/span><\/li>\n<li class=\"li3\"><span class=\"s1\">Dane osobowe Uczestnik\u00f3w b\u0119d\u0105 przetwarzane przez okres:<\/span>\n<ol class=\"ol1\">\n<li class=\"li3\"><span class=\"s1\">odpowiedni dla wykazania przez Organizatora prawid\u0142owego wykonania swoich zobowi\u0105za\u0144, przy czym czas ten odpowiada d\u0142ugo\u015bci terminu przedawnienia roszcze\u0144;<\/span><\/li>\n<li class=\"li3\"><span class=\"s1\">w przypadku dzia\u0142a\u0144 marketingowych, do czasu wyra\u017cenia przez Uczestnika<span class=\"Apple-converted-space\">\u00a0 <\/span>sprzeciwu wobec dalszego przetwarzania danych osobowych Uczestnika w celach marketingowych albo odwo\u0142ania zgody na wysy\u0142anie wiadomo\u015bci z tre\u015bciami marketingowymi. <\/span><\/li>\n<\/ol>\n<\/li>\n<li class=\"li3\"><span class=\"s1\">Po wy\u017cej wskazanym okresie dane osobowe b\u0119d\u0105 usuwane, o ile ich przetwarzanie nie b\u0119dzie konieczne w oparciu o inn\u0105 podstaw\u0119 prawn\u0105. <\/span><\/li>\n<li class=\"li3\"><span class=\"s1\">Organizator w niekt\u00f3rych sytuacjach mo\u017ce przekazywa\u0107 dane Uczestnika do pa\u0144stw trzecich (tj. poza obszar Europejskiego Obszaru Gospodarczego). W takim wypadku Organizator podejmie wszelkie dzia\u0142ania w celu zapewnienia odpowiedniej ochrony danych osobowych Uczestnika i b\u0119dzie przekazywa\u0107 dane osobowe Uczestnika tylko podmiotom gwarantuj\u0105cym odpowiedni poziom ochrony danych.\u00a0<\/span><\/li>\n<\/ol>\n<\/li>\n<\/ol>\n<h3><span class=\"s1\">3. ODBIORCY DANYCH OSOBOWYCH<\/span><\/h3>\n<ol>\n<li style=\"list-style-type: none;\">\n<ol class=\"ol1\">\n<li class=\"li3\"><span class=\"s1\">Organizator mo\u017ce powierza\u0107 przetwarzanie danych osobowych Uczestnika podmiotom trzecim w\u00a0celu wykonywania czynno\u015bci wskazanych w Regulaminie, w szczeg\u00f3lno\u015bci w celu organizacji Projektu Lead IT, Lady!, jak r\u00f3wnie\u017c realizacji swoich uprawnie\u0144 lub obowi\u0105zk\u00f3w zwi\u0105zanych z\u00a0przetwarzaniem. W\u00f3wczas odbiorcami danych osobowych Uczestnika mog\u0105 by\u0107: hostingodawca, dostawca narz\u0119dzia informatycznego w postaci Formularza, w\u0142a\u015bciciel serwisu Facebook, operator poczty elektronicznej, firma obs\u0142uguj\u0105ca informatycznie Organizatora, biuro rachunkowe, kancelaria prawna.<\/span><\/li>\n<li class=\"li3\"><span class=\"s1\">Dane osobowe zgromadzone przez Organizatora mog\u0105 by\u0107 tak\u017ce udost\u0119pnione: odpowiednim organom pa\u0144stwowym na ich \u017c\u0105danie na podstawie odpowiednich przepis\u00f3w prawa lub innym osobom i\u00a0podmiotom \u2013 w przypadkach przewidzianych przez przepisy prawa.<\/span><\/li>\n<li class=\"li3\"><span class=\"s1\">Ka\u017cdy podmiot, kt\u00f3remu Organizator powierza do przetwarzania dane osobowe Uczestnika, w\u00a0oparciu o\u00a0umow\u0119 powierzenia przetwarzanie danych osobowych (dalej \u201eUmowa powierzenia\u201d) gwarantuje odpowiedni poziom w zakresie bezpiecze\u0144stwa i poufno\u015bci przetwarzania danych osobowych. Podmiot przetwarzaj\u0105cy dane osobowe Uczestnika w oparciu o Umow\u0119 powierzenia mo\u017ce przetwarza\u0107 dane osobowe za po\u015brednictwem innego podmiotu, wy\u0142\u0105cznie na podstawie uprzedniej zgody Organizatora. <\/span><\/li>\n<li class=\"li3\"><span class=\"s1\">Udost\u0119pnienie danych osobowych Uczestnika podmiotom nieuprawnionym wed\u0142ug niniejszej Polityki Prywatno\u015bci, mo\u017ce nast\u0105pi\u0107 wy\u0142\u0105cznie za wcze\u015bniej wyra\u017con\u0105 zgod\u0105 osoby, kt\u00f3rej dane dotycz\u0105. <\/span><\/li>\n<\/ol>\n<\/li>\n<\/ol>\n<h3><span class=\"s1\">4. PRAWA PODMIOTU DANYCH<\/span><\/h3>\n<ol>\n<li style=\"list-style-type: none;\">\n<ol class=\"ol1\">\n<li class=\"li3\"><span class=\"s1\">W zwi\u0105zku z przetwarzaniem danych osobowych, Uczestnikowi przys\u0142uguje prawo do: (a) usuni\u0119cia danych osobowych zgromadzonych na temat Uczestnika zar\u00f3wno z<span class=\"Apple-converted-space\">\u00a0 <\/span>systemu nale\u017c\u0105cego do Organizatora, jak i\u00a0z\u00a0baz podmiot\u00f3w, z kt\u00f3rymi wsp\u00f3\u0142pracuje lub wsp\u00f3\u0142pracowa\u0142 Organizator, (b) ograniczenia przetwarzania danych, (c) przenoszenia danych osobowych zgromadzonych przez Organizator na temat Uczestnika, w tym do otrzymania ich w ustrukturyzowanej formie, (d) \u017c\u0105dania od Organizatora dost\u0119pu do swoich danych osobowych oraz ich sprostowania, (e) wniesienia sprzeciwu wobec przetwarzania, (f) cofni\u0119cia Organizatorowi zgody w dowolnym momencie bez wp\u0142ywu na zgodno\u015b\u0107 z\u00a0prawem przetwarzania, kt\u00f3rego dokonano na podstawie zgody przed jej cofni\u0119ciem; (g) wniesienia skargi na Organizatora do organu nadzorczego (Prezesa Urz\u0119du Ochrony Danych Osobowych). <\/span><\/li>\n<li class=\"li3\"><span class=\"s1\">W przypadku ch\u0119ci skorzystania ze swoich praw Uczestnik winien skierowa\u0107 odpowiedni wniosek na adres e-mail Administratora podany w pkt. 1.2.<\/span><\/li>\n<\/ol>\n<\/li>\n<\/ol>\n<h3><span class=\"s1\">5. INNE DANE<\/span><\/h3>\n<ol class=\"ol1\">\n<li style=\"list-style-type: none;\">\n<ol class=\"ol1\">\n<li class=\"li3\"><span class=\"s1\">Strona mo\u017ce przechowywa\u0107 zapytania http, w zwi\u0105zku z czym w plikach log\u00f3w serwera mog\u0105 by\u0107 zapisane niekt\u00f3re informacje, w tym adres IP urz\u0105dzenia, z kt\u00f3rego nadesz\u0142o zapytanie, nazwa stacji Uczestnika<span class=\"Apple-converted-space\">\u00a0 <\/span>\u2013 identyfikacja realizowana przez protok\u00f3\u0142 http, o ile jest mo\u017cliwe, data i czas systemowy rejestracji na Stronie i nadej\u015bcia zapytania, liczb\u0119 wys\u0142anych przez serwer bajt\u00f3w, adres URL strony poprzednio odwiedzanej przez Uczestnika, je\u017celi Uczestnik wszed\u0142 przez linka, informacje o\u00a0przegl\u0105darce Uczestnika, informacje o b\u0142\u0119dach, jakie nast\u0105pi\u0142y przy realizacji transakcji http. Logi mog\u0105 by\u0107 gromadzone jako materia\u0142 dla prawid\u0142owego administrowania Stron\u0105. Dost\u0119p do informacji maj\u0105 tylko osoby uprawnione do administrowania systemem informatycznym. Pliki z logami mog\u0105 by\u0107 analizowane w celu sporz\u0105dzenia statystyk ruchu na Stronie i wyst\u0119puj\u0105cych b\u0142\u0119d\u00f3w. Podsumowanie takich informacji nie identyfikuje Uczestnika, ale okre\u015bla jego aktywno\u015bci.<\/span><\/li>\n<\/ol>\n<\/li>\n<\/ol>\n<h3><span class=\"s1\">6. BEZPIECZE\u0143STWO<\/span><\/h3>\n<ol class=\"ol1\">\n<li style=\"list-style-type: none;\">\n<ol class=\"ol1\">\n<li class=\"li3\"><span class=\"s1\">Organizator stosuje \u015brodki techniczne i organizacyjne zapewniaj\u0105ce ochron\u0119 przetwarzanych danych osobowych odpowiedni\u0105 do zagro\u017ce\u0144 oraz kategorii danych obj\u0119tych ochron\u0105, a w szczeg\u00f3lno\u015bci zabezpiecza technicznie i organizacyjnie dane przed ich udost\u0119pnieniem osobom nieupowa\u017cnionym, zabraniem przez osob\u0119 nieuprawnion\u0105, przetwarzaniem z naruszeniem ustawy oraz zmian\u0105, utrat\u0105, uszkodzeniem lub zniszczeniem. Zbi\u00f3r zgromadzonych danych osobowych Uczestnika przechowywany jest na zabezpieczonym serwerze oraz dane chroni\u0105 r\u00f3wnie\u017c nasze wewn\u0119trzne procedury z zakresu przetwarzania danych osobowych i polityki bezpiecze\u0144stwa informacji.<\/span><\/li>\n<li class=\"li3\"><span class=\"s1\">Organizator wdro\u017cy\u0142 r\u00f3wnie\u017c odpowiednie \u015brodki techniczne i organizacyjne, takie jak pseudonimizacja, zaprojektowane w celu skutecznej realizacji zasad ochrony danych, takich jak minimalizacja danych, oraz w celu nadania przetwarzaniu niezb\u0119dnych zabezpiecze\u0144, tak by spe\u0142ni\u0107 wymogi RODO oraz chroni\u0107 prawa os\u00f3b, kt\u00f3rych dane dotycz\u0105. <\/span><\/li>\n<li class=\"li3\"><span class=\"s1\">Jednocze\u015bnie Organizator wskazuje, i\u017c korzystanie z sieci Internet i us\u0142ug \u015bwiadczonych drog\u0105 elektroniczn\u0105 mo\u017ce by\u0107 zagro\u017cone przedostaniem si\u0119 do systemu teleinformatycznego i urz\u0105dzenia Uczestnika szkodliwego oprogramowania (malware), jak r\u00f3wnie\u017c nieuprawnionym dost\u0119pem do danych Uczestnika, w\u00a0tym osobowych, przez osoby trzecie. W celu minimalizacji niniejszych zagro\u017ce\u0144, Uczestnik powinien stosowa\u0107 odpowiednie zabezpieczenia techniczne np. z\u00a0wykorzystaniem aktualnych program\u00f3w antywirusowych lub chroni\u0105cych identyfikacj\u0119 w sieci Internet. Aby pozyska\u0107 szczeg\u00f3\u0142owe i\u00a0profesjonalne informacje odno\u015bnie zachowania bezpiecze\u0144stwa w sieci Internet, Organizator rekomenduje ich zasi\u0119gni\u0119cie u podmiot\u00f3w specjalizuj\u0105cych si\u0119 w tego rodzaju us\u0142ugach informatycznych.<\/span><\/li>\n<\/ol>\n<\/li>\n<\/ol>\n<h3><span class=\"s1\">7. COOKIES I IDENTYFIKATORY UCZESTNIKA<\/span><\/h3>\n<ol class=\"ol1\">\n<li style=\"list-style-type: none;\">\n<ol class=\"ol1\">\n<li class=\"li3\"><span class=\"s1\">W celu prawid\u0142owego dzia\u0142ania Strony, Organizator korzysta z technologii plik\u00f3w Cookies. Cookies s\u0105 to pakiety informacji zapisywane na urz\u0105dzeniu Uczestnika, za po\u015brednictwem strony internetowej, zwykle zawieraj\u0105ce informacje zgodne z przeznaczeniem danego pliku, za pomoc\u0105 kt\u00f3rych Uczestnik korzysta ze Strony \u2013 s\u0105 to zazwyczaj: adres serwisu, dat\u0119 umieszczenia, dat\u0119 wa\u017cno\u015bci, unikalny numer i dodatkowe informacje zgodne z przeznaczeniem danego pliku.<\/span><\/li>\n<li class=\"li3\"><span class=\"s1\">Strona wykorzystuje dwa rodzaje Cookies: (a) sesyjne, kt\u00f3re usuwane s\u0105 trwale wraz z\u00a0zako\u0144czeniem sesji przegl\u0105darki; (b) trwa\u0142e, kt\u00f3re pozostaj\u0105 po zako\u0144czeniu sesji przegl\u0105darki na urz\u0105dzeniu, a\u017c do ich skasowania. <\/span><\/li>\n<li class=\"li3\"><span class=\"s1\">Na podstawie plik\u00f3w Cookies, zar\u00f3wno sesyjnych, jak i trwa\u0142ych, nie jest mo\u017cliwe ustalenie to\u017csamo\u015bci Uczestnika. Mechanizm Cookies nie pozwala na pobieranie jakichkolwiek danych osobowych. <\/span><\/li>\n<li class=\"li3\"><span class=\"s1\">Cookies strony internetowej s\u0105 bezpieczne dla urz\u0105dzenia Uczestnika, w szczeg\u00f3lno\u015bci nie umo\u017cliwiaj\u0105 one przedostanie si\u0119 do urz\u0105dzenia wirus\u00f3w lub innego oprogramowania.<\/span><\/li>\n<li class=\"li3\"><span class=\"s1\">Pliki generowanie bezpo\u015brednio przez Organizatora nie mog\u0105 by\u0107 odczytywane przez inne serwisy. Cookies Zewn\u0119trzne (tj. Cookies umieszczane przez podmioty wsp\u00f3\u0142pracuj\u0105ce z Organizatorem) mog\u0105 by\u0107 odczytane przez serwer zewn\u0119trzny. <\/span><\/li>\n<li class=\"li3\"><span class=\"s1\">Uczestnik mo\u017ce samodzielnie zmieni\u0107 ustawienia dotycz\u0105ce Cookies w dowolnej chwili, okre\u015blaj\u0105c warunki ich przechowywania, przez ustawienia przegl\u0105darki internetowej lub przez konfiguracj\u0119 us\u0142ugi. <\/span><\/li>\n<li class=\"li3\"><span class=\"s1\">Przede wszystkim Uczestnik mo\u017ce wy\u0142\u0105czy\u0107 zapisywanie Cookies na swoim urz\u0105dzeniu, zgodnie z instrukcj\u0105 producenta przegl\u0105darki, lecz mo\u017ce to spowodowa\u0107 niedost\u0119pno\u015b\u0107 cz\u0119\u015bci lub ca\u0142o\u015bci funkcji strony internetowej.<\/span><\/li>\n<li class=\"li3\"><span class=\"s1\">Uczestnik mo\u017ce te\u017c samodzielnie usun\u0105\u0107 zapisane na jego urz\u0105dzeniu Cookies w dowolnej chwili, zgodnie z\u00a0instrukcj\u0105 producenta przegl\u0105darki.<\/span><\/li>\n<li class=\"li3\"><span class=\"s1\">Organizator wykorzystuje Cookies w\u0142asne w nast\u0119puj\u0105cych celach: konfiguracji Strony i\u00a0dostosowania zawarto\u015bci strony do preferencji lub zachowa\u0144 u\u017cytkownik\u00f3w; analiza i badanie ogl\u0105dalno\u015bci, liczb\u0119 klikni\u0119\u0107 i \u015bcie\u017cki poruszania si\u0119 po stronie w celu doskonalenia wygl\u0105du i\u00a0organizacji tre\u015bci na Stronie, czas sp\u0119dzony na stronie, liczb\u0119 i cz\u0119stotliwo\u015b\u0107 odwiedzaj\u0105cych Stron\u0119.<\/span><\/li>\n<li class=\"li3\"><span class=\"s1\">Organizator wykorzystuje Cookies Zewn\u0119trzne w nast\u0119puj\u0105cych celach: <\/span><\/li>\n<li class=\"li6\"><\/li>\n<\/ol>\n<\/li>\n<\/ol>\n<ol class=\"ol1\">\n<li style=\"list-style-type: none;\">\n<ol class=\"ol1\">\n<li class=\"li3\"><span class=\"s1\">Szczeg\u00f3\u0142owe informacje o obs\u0142udze Cookies dost\u0119pne s\u0105 w ustawieniach przegl\u0105darki internetowej, z\u00a0kt\u00f3rej korzysta Uczestnik.<\/span><\/li>\n<\/ol>\n<\/li>\n<\/ol>\n<h3><span class=\"s1\">8. POSTANOWIENIA KO\u0143COWE<\/span><\/h3>\n<ol class=\"ol1\">\n<li style=\"list-style-type: none;\">\n<ol class=\"ol1\">\n<li class=\"li3\"><span class=\"s1\">Niniejsza Polityka Prywatno\u015bci wchodzi w \u017cycie z dniem 10.08.2020<\/span><\/li>\n<\/ol>\n<\/li>\n<\/ol>\n<p>[\/vc_column_text][\/vc_column][vc_column width=&#8221;1\/6&#8243;][\/vc_column][\/vc_row]<\/p>\n","protected":false},"excerpt":{"rendered":"<p>[vc_row][vc_column width=&#8221;1\/6&#8243;][\/vc_column][vc_column width=&#8221;2\/3&#8243;][vc_column_text] POLITYKA PRYWATNO\u015aCI PROJEKTU LEAD IT, LADY! Niniejsza Polityka Prywatno\u015bci stanowi dokument powi\u0105zany z Regulaminem Projektu Lead IT, Lady! (\u201eRegulamin\u201d). Definicje poj\u0119\u0107 u\u017cytych w niniejszej Polityce Prywatno\u015bci zosta\u0142y zamieszczone w\u00a0Regulaminie. Postanowienia Regulaminu stosuje si\u0119 odpowiednio. Polityka ta ma&#8230;<\/p>\n","protected":false},"author":1,"featured_media":0,"parent":0,"menu_order":0,"comment_status":"closed","ping_status":"open","template":"","meta":{"_mi_skip_tracking":false,"_monsterinsights_sitenote_active":false,"_monsterinsights_sitenote_note":"","_monsterinsights_sitenote_category":0},"_links":{"self":[{"href":"https:\/\/leaditlady.pl\/index.php\/wp-json\/wp\/v2\/pages\/2335"}],"collection":[{"href":"https:\/\/leaditlady.pl\/index.php\/wp-json\/wp\/v2\/pages"}],"about":[{"href":"https:\/\/leaditlady.pl\/index.php\/wp-json\/wp\/v2\/types\/page"}],"author":[{"embeddable":true,"href":"https:\/\/leaditlady.pl\/index.php\/wp-json\/wp\/v2\/users\/1"}],"replies":[{"embeddable":true,"href":"https:\/\/leaditlady.pl\/index.php\/wp-json\/wp\/v2\/comments?post=2335"}],"version-history":[{"count":4,"href":"https:\/\/leaditlady.pl\/index.php\/wp-json\/wp\/v2\/pages\/2335\/revisions"}],"predecessor-version":[{"id":2763,"href":"https:\/\/leaditlady.pl\/index.php\/wp-json\/wp\/v2\/pages\/2335\/revisions\/2763"}],"wp:attachment":[{"href":"https:\/\/leaditlady.pl\/index.php\/wp-json\/wp\/v2\/media?parent=2335"}],"curies":[{"name":"wp","href":"https:\/\/api.w.org\/{rel}","templated":true}]}}